{"id":255,"date":"2023-02-24T12:39:04","date_gmt":"2023-02-24T11:39:04","guid":{"rendered":"https:\/\/boskierzezby.pl\/?page_id=255"},"modified":"2023-02-24T12:39:08","modified_gmt":"2023-02-24T11:39:08","slug":"about","status":"publish","type":"page","link":"https:\/\/boskierzezby.pl\/en\/about\/","title":{"rendered":"About"},"content":{"rendered":"<p>[et_pb_section fb_built=&#8221;1&#8243; _builder_version=&#8221;4.20.0&#8243; _module_preset=&#8221;default&#8221; use_background_color_gradient=&#8221;on&#8221; background_color_gradient_direction=&#8221;96deg&#8221; background_color_gradient_stops=&#8221;#0a0808 20%|#403f3f 52%|rgba(255,255,255,0) 100%&#8221; background_image=&#8221;https:\/\/boskierzezby.pl\/wp-content\/uploads\/2023\/01\/o_mnie2.jpg&#8221; background_position=&#8221;top_center&#8221; background_blend=&#8221;multiply&#8221; custom_padding=&#8221;100px||100px||true|false&#8221; animation_style=&#8221;fade&#8221; background_color_tablet=&#8221;#0A0808&#8243; background_last_edited=&#8221;on|phone&#8221; background_enable_color_tablet=&#8221;on&#8221; use_background_color_gradient_tablet=&#8221;off&#8221; background_enable_image_tablet=&#8221;off&#8221; global_colors_info=&#8221;{}&#8221;][et_pb_row column_structure=&#8221;1_2,1_2&#8243; _builder_version=&#8221;4.19.5&#8243; _module_preset=&#8221;default&#8221; global_colors_info=&#8221;{}&#8221;][et_pb_column type=&#8221;1_2&#8243; _builder_version=&#8221;4.19.5&#8243; _module_preset=&#8221;default&#8221; global_colors_info=&#8221;{}&#8221;][et_pb_text _builder_version=&#8221;4.19.5&#8243; _module_preset=&#8221;default&#8221; custom_margin=&#8221;||0px||false|false&#8221; custom_padding=&#8221;||0px||false|false&#8221; global_colors_info=&#8221;{}&#8221;]<\/p>\n<h2>O mnie<\/h2>\n<p>[\/et_pb_text][et_pb_divider _builder_version=&#8221;4.19.5&#8243; _module_preset=&#8221;default&#8221; width=&#8221;50px&#8221; module_alignment=&#8221;left&#8221; global_colors_info=&#8221;{}&#8221;][\/et_pb_divider][et_pb_image src=&#8221;https:\/\/boskierzezby.pl\/wp-content\/uploads\/2023\/01\/o_mnie2.jpg&#8221; title_text=&#8221;o_mnie2&#8243; disabled_on=&#8221;off|off|on&#8221; _builder_version=&#8221;4.20.0&#8243; _module_preset=&#8221;default&#8221; global_colors_info=&#8221;{}&#8221;][\/et_pb_image][et_pb_text _builder_version=&#8221;4.19.5&#8243; _module_preset=&#8221;default&#8221; text_font_size=&#8221;16px&#8221; global_colors_info=&#8221;{}&#8221;]<\/p>\n<p style=\"text-align: justify;\">Nazywam si\u0119 Dawid Paszek i urodzi\u0142em si\u0119 w 1983 roku. Moja tw\u00f3rcza pasja zacz\u0119\u0142a si\u0119 od rze\u017abienia w drewnie w roku 2000. Po ci\u0105g\u0142ym poszukiwaniu nowych materia\u0142\u00f3w i eksperymentalnych pracach moja pracownia ewoluowa\u0142a i rozpocz\u0105\u0142em tworzy\u0107 prace w polimerze akrylowym. Rze\u017aba u\u017cytkowa, rze\u017aba sakralna, reliefy, ramy rze\u017abione, statuetki okoliczno\u015bciowe i prace na indywidualne zlecenia \u2013 oto moje g\u0142\u00f3wne zaj\u0119cia. Prace maluj\u0119 farbami akrylowymi i gwaszowymi. Wykonuj\u0119 zar\u00f3wno rze\u017aby na indywidualne zam\u00f3wienie, a tak\u017ce ju\u017c realizowane przeze mnie, mo\u017cna je zobaczy\u0107 w zak\u0142adce realizacje.<\/p>\n<p style=\"text-align: justify;\">Podczas realizacji pracy zwracam swoist\u0105 uwag\u0119 na szczeg\u00f3\u0142owo\u015b\u0107, charakter i kontekst w kt\u00f3rych rze\u017aby b\u0119d\u0105 prezentowane. Oferuj\u0119 prace ponadprzeci\u0119tne, kt\u00f3re b\u0119d\u0105 przyci\u0105ga\u0142y spojrzenie ka\u017cdego i wywiera\u0142y na ka\u017cdym du\u017ce wra\u017cenie.<\/p>\n<p style=\"text-align: justify;\">Podczas wykonywania rze\u017aby na indywidualne zam\u00f3wienie zapewniam sta\u0142y kontakt podczas pracy, na ka\u017cdym etapie mojej tw\u00f3rczo\u015bci.<\/p>\n<p style=\"text-align: justify;\">Wszystkie moje prace s\u0105 wykonywana, modelowana i malowane r\u0119cznie, dzi\u0119ki czemu ka\u017cda moja rze\u017aba jest unikatowa i jedyna na \u015bwiecie.<\/p>\n<p>[\/et_pb_text][\/et_pb_column][et_pb_column type=&#8221;1_2&#8243; _builder_version=&#8221;4.19.5&#8243; _module_preset=&#8221;default&#8221; global_colors_info=&#8221;{}&#8221;][\/et_pb_column][\/et_pb_row][\/et_pb_section]<\/p>\n","protected":false},"excerpt":{"rendered":"<p>O mnieNazywam si\u0119 Dawid Paszek i urodzi\u0142em si\u0119 w 1983 roku. Moja tw\u00f3rcza pasja zacz\u0119\u0142a si\u0119 od rze\u017abienia w drewnie w roku 2000. Po ci\u0105g\u0142ym poszukiwaniu nowych materia\u0142\u00f3w i eksperymentalnych pracach moja pracownia ewoluowa\u0142a i rozpocz\u0105\u0142em tworzy\u0107 prace w polimerze akrylowym. Rze\u017aba u\u017cytkowa, rze\u017aba sakralna, reliefy, ramy rze\u017abione, statuetki okoliczno\u015bciowe i prace na indywidualne zlecenia [&hellip;]<\/p>\n","protected":false},"author":1,"featured_media":0,"parent":0,"menu_order":0,"comment_status":"closed","ping_status":"closed","template":"","meta":{"_et_pb_use_builder":"on","_et_pb_old_content":"","_et_gb_content_width":"","footnotes":""},"class_list":["post-255","page","type-page","status-publish","hentry"],"yoast_head":"<!-- This site is optimized with the Yoast SEO plugin v22.5 - https:\/\/yoast.com\/wordpress\/plugins\/seo\/ -->\n<title>About - Boskie Rze\u017aby<\/title>\n<meta name=\"robots\" content=\"index, follow, max-snippet:-1, max-image-preview:large, max-video-preview:-1\" \/>\n<link rel=\"canonical\" href=\"https:\/\/boskierzezby.pl\/en\/about\/\" \/>\n<meta property=\"og:locale\" content=\"en_US\" \/>\n<meta property=\"og:type\" content=\"article\" \/>\n<meta property=\"og:title\" content=\"About - Boskie Rze\u017aby\" \/>\n<meta property=\"og:description\" content=\"O mnieNazywam si\u0119 Dawid Paszek i urodzi\u0142em si\u0119 w 1983 roku. Moja tw\u00f3rcza pasja zacz\u0119\u0142a si\u0119 od rze\u017abienia w drewnie w roku 2000. Po ci\u0105g\u0142ym poszukiwaniu nowych materia\u0142\u00f3w i eksperymentalnych pracach moja pracownia ewoluowa\u0142a i rozpocz\u0105\u0142em tworzy\u0107 prace w polimerze akrylowym. Rze\u017aba u\u017cytkowa, rze\u017aba sakralna, reliefy, ramy rze\u017abione, statuetki okoliczno\u015bciowe i prace na indywidualne zlecenia [&hellip;]\" \/>\n<meta property=\"og:url\" content=\"https:\/\/boskierzezby.pl\/en\/about\/\" \/>\n<meta property=\"og:site_name\" content=\"Boskie Rze\u017aby\" \/>\n<meta property=\"article:modified_time\" content=\"2023-02-24T11:39:08+00:00\" \/>\n<meta name=\"twitter:card\" content=\"summary_large_image\" \/>\n<meta name=\"twitter:label1\" content=\"Est. reading time\" \/>\n\t<meta name=\"twitter:data1\" content=\"2 minutes\" \/>\n<script type=\"application\/ld+json\" class=\"yoast-schema-graph\">{\"@context\":\"https:\/\/schema.org\",\"@graph\":[{\"@type\":\"WebPage\",\"@id\":\"https:\/\/boskierzezby.pl\/en\/about\/\",\"url\":\"https:\/\/boskierzezby.pl\/en\/about\/\",\"name\":\"About - Boskie Rze\u017aby\",\"isPartOf\":{\"@id\":\"https:\/\/boskierzezby.pl\/#website\"},\"datePublished\":\"2023-02-24T11:39:04+00:00\",\"dateModified\":\"2023-02-24T11:39:08+00:00\",\"breadcrumb\":{\"@id\":\"https:\/\/boskierzezby.pl\/en\/about\/#breadcrumb\"},\"inLanguage\":\"en-US\",\"potentialAction\":[{\"@type\":\"ReadAction\",\"target\":[\"https:\/\/boskierzezby.pl\/en\/about\/\"]}]},{\"@type\":\"BreadcrumbList\",\"@id\":\"https:\/\/boskierzezby.pl\/en\/about\/#breadcrumb\",\"itemListElement\":[{\"@type\":\"ListItem\",\"position\":1,\"name\":\"Strona g\u0142\u00f3wna\",\"item\":\"https:\/\/boskierzezby.pl\/\"},{\"@type\":\"ListItem\",\"position\":2,\"name\":\"About\"}]},{\"@type\":\"WebSite\",\"@id\":\"https:\/\/boskierzezby.pl\/#website\",\"url\":\"https:\/\/boskierzezby.pl\/\",\"name\":\"Boskie Rze\u017aby\",\"description\":\"Dawid Paszek Pracownia Rze\u017aby\",\"potentialAction\":[{\"@type\":\"SearchAction\",\"target\":{\"@type\":\"EntryPoint\",\"urlTemplate\":\"https:\/\/boskierzezby.pl\/?s={search_term_string}\"},\"query-input\":\"required name=search_term_string\"}],\"inLanguage\":\"en-US\"}]}<\/script>\n<!-- \/ Yoast SEO plugin. -->","yoast_head_json":{"title":"About - Divine Sculptures","robots":{"index":"index","follow":"follow","max-snippet":"max-snippet:-1","max-image-preview":"max-image-preview:large","max-video-preview":"max-video-preview:-1"},"canonical":"https:\/\/boskierzezby.pl\/en\/about\/","og_locale":"en_US","og_type":"article","og_title":"About - Boskie Rze\u017aby","og_description":"O mnieNazywam si\u0119 Dawid Paszek i urodzi\u0142em si\u0119 w 1983 roku. Moja tw\u00f3rcza pasja zacz\u0119\u0142a si\u0119 od rze\u017abienia w drewnie w roku 2000. Po ci\u0105g\u0142ym poszukiwaniu nowych materia\u0142\u00f3w i eksperymentalnych pracach moja pracownia ewoluowa\u0142a i rozpocz\u0105\u0142em tworzy\u0107 prace w polimerze akrylowym. Rze\u017aba u\u017cytkowa, rze\u017aba sakralna, reliefy, ramy rze\u017abione, statuetki okoliczno\u015bciowe i prace na indywidualne zlecenia [&hellip;]","og_url":"https:\/\/boskierzezby.pl\/en\/about\/","og_site_name":"Boskie Rze\u017aby","article_modified_time":"2023-02-24T11:39:08+00:00","twitter_card":"summary_large_image","twitter_misc":{"Est. reading time":"2 minutes"},"schema":{"@context":"https:\/\/schema.org","@graph":[{"@type":"WebPage","@id":"https:\/\/boskierzezby.pl\/en\/about\/","url":"https:\/\/boskierzezby.pl\/en\/about\/","name":"About - Divine Sculptures","isPartOf":{"@id":"https:\/\/boskierzezby.pl\/#website"},"datePublished":"2023-02-24T11:39:04+00:00","dateModified":"2023-02-24T11:39:08+00:00","breadcrumb":{"@id":"https:\/\/boskierzezby.pl\/en\/about\/#breadcrumb"},"inLanguage":"en-US","potentialAction":[{"@type":"ReadAction","target":["https:\/\/boskierzezby.pl\/en\/about\/"]}]},{"@type":"BreadcrumbList","@id":"https:\/\/boskierzezby.pl\/en\/about\/#breadcrumb","itemListElement":[{"@type":"ListItem","position":1,"name":"Strona g\u0142\u00f3wna","item":"https:\/\/boskierzezby.pl\/"},{"@type":"ListItem","position":2,"name":"About"}]},{"@type":"WebSite","@id":"https:\/\/boskierzezby.pl\/#website","url":"https:\/\/boskierzezby.pl\/","name":"Divine Sculptures","description":"Dawid Paszek Sculpture Studio","potentialAction":[{"@type":"SearchAction","target":{"@type":"EntryPoint","urlTemplate":"https:\/\/boskierzezby.pl\/?s={search_term_string}"},"query-input":"required name=search_term_string"}],"inLanguage":"en-US"}]}},"_links":{"self":[{"href":"https:\/\/boskierzezby.pl\/en\/wp-json\/wp\/v2\/pages\/255","targetHints":{"allow":["GET"]}}],"collection":[{"href":"https:\/\/boskierzezby.pl\/en\/wp-json\/wp\/v2\/pages"}],"about":[{"href":"https:\/\/boskierzezby.pl\/en\/wp-json\/wp\/v2\/types\/page"}],"author":[{"embeddable":true,"href":"https:\/\/boskierzezby.pl\/en\/wp-json\/wp\/v2\/users\/1"}],"replies":[{"embeddable":true,"href":"https:\/\/boskierzezby.pl\/en\/wp-json\/wp\/v2\/comments?post=255"}],"version-history":[{"count":2,"href":"https:\/\/boskierzezby.pl\/en\/wp-json\/wp\/v2\/pages\/255\/revisions"}],"predecessor-version":[{"id":257,"href":"https:\/\/boskierzezby.pl\/en\/wp-json\/wp\/v2\/pages\/255\/revisions\/257"}],"wp:attachment":[{"href":"https:\/\/boskierzezby.pl\/en\/wp-json\/wp\/v2\/media?parent=255"}],"curies":[{"name":"wp","href":"https:\/\/api.w.org\/{rel}","templated":true}]}}